{"id":288,"date":"2018-01-13T14:37:17","date_gmt":"2018-01-13T14:37:17","guid":{"rendered":"http:\/\/strato.mondo-mainz.de\/?page_id=288"},"modified":"2022-10-17T09:35:58","modified_gmt":"2022-10-17T09:35:58","slug":"schlafen","status":"publish","type":"page","link":"https:\/\/mondo-mainz.de\/?page_id=288","title":{"rendered":"SCHLAFEN"},"content":{"rendered":"<h2><a href=\"?page_id=742\">Schr\u00e4nke<\/a>&nbsp;\u2022&nbsp;<a href=\"?page_id=740\">Betten<\/a><\/h2>\n<div class=\"one_half\">\nDas Schlafzimmer ist der R\u00fcckzugsort einer jeden Wohnung. Er ist privat und intim und sollte Gem\u00fctlichkeit, Ruhe und Entspannung versprechen. Auch das Schlafzimmer sollte ihrem pers\u00f6nlichen Stil entsprechen, es ist schlie\u00dflich ihre ganz pers\u00f6nliche Wohlf\u00fchl-Oase.<br \/>\n<\/div>\n<div class=\"one_half last_column\">\n<img fetchpriority=\"high\" decoding=\"async\" class=\"alignnone wp-image-658\" src=\"http:\/\/strato.mondo-mainz.de\/wp-content\/uploads\/2018\/01\/Schlafen-e1516737523487-300x172.jpg\" alt=\"\" width=\"600\" height=\"343\" srcset=\"https:\/\/mondo-mainz.de\/wp-content\/uploads\/2018\/01\/Schlafen-e1516737523487-300x172.jpg 300w, https:\/\/mondo-mainz.de\/wp-content\/uploads\/2018\/01\/Schlafen-e1516737523487-768x440.jpg 768w, https:\/\/mondo-mainz.de\/wp-content\/uploads\/2018\/01\/Schlafen-e1516737523487-1024x586.jpg 1024w\" sizes=\"(max-width: 600px) 100vw, 600px\" \/><br \/>\n<\/div>\n<p>&nbsp;<\/p>\n","protected":false},"excerpt":{"rendered":"<p>Schr\u00e4nke&nbsp;\u2022&nbsp;Betten &nbsp;<\/p>\n","protected":false},"author":1,"featured_media":0,"parent":0,"menu_order":0,"comment_status":"closed","ping_status":"closed","template":"","meta":{"ngg_post_thumbnail":0,"footnotes":""},"class_list":["post-288","page","type-page","status-publish","hentry"],"_links":{"self":[{"href":"https:\/\/mondo-mainz.de\/index.php?rest_route=\/wp\/v2\/pages\/288"}],"collection":[{"href":"https:\/\/mondo-mainz.de\/index.php?rest_route=\/wp\/v2\/pages"}],"about":[{"href":"https:\/\/mondo-mainz.de\/index.php?rest_route=\/wp\/v2\/types\/page"}],"author":[{"embeddable":true,"href":"https:\/\/mondo-mainz.de\/index.php?rest_route=\/wp\/v2\/users\/1"}],"replies":[{"embeddable":true,"href":"https:\/\/mondo-mainz.de\/index.php?rest_route=%2Fwp%2Fv2%2Fcomments&post=288"}],"version-history":[{"count":39,"href":"https:\/\/mondo-mainz.de\/index.php?rest_route=\/wp\/v2\/pages\/288\/revisions"}],"predecessor-version":[{"id":762,"href":"https:\/\/mondo-mainz.de\/index.php?rest_route=\/wp\/v2\/pages\/288\/revisions\/762"}],"wp:attachment":[{"href":"https:\/\/mondo-mainz.de\/index.php?rest_route=%2Fwp%2Fv2%2Fmedia&parent=288"}],"curies":[{"name":"wp","href":"https:\/\/api.w.org\/{rel}","templated":true}]}}